{"id":3086,"date":"2022-11-05T12:19:38","date_gmt":"2022-11-05T12:19:38","guid":{"rendered":"https:\/\/themes.templatescoder.com\/cryptoz\/wp\/import-files\/demo-new\/?page_id=20"},"modified":"2024-11-07T12:47:55","modified_gmt":"2024-11-07T15:47:55","slug":"home","status":"publish","type":"page","link":"https:\/\/www.senaparaguay.com\/","title":{"rendered":"Home"},"content":{"rendered":"\t\t<div data-elementor-type=\"wp-page\" data-elementor-id=\"3086\" class=\"elementor elementor-3086\">\n\t\t\t\t<div class=\"elementor-element elementor-element-f0c9722 e-flex e-con-boxed e-con e-parent\" data-id=\"f0c9722\" data-element_type=\"container\" data-e-type=\"container\" data-settings=\"{&quot;background_background&quot;:&quot;classic&quot;}\">\n\t\t\t\t\t<div class=\"e-con-inner\">\n\t\t\t\t<div class=\"elementor-element elementor-element-9295878 elementor-widget elementor-widget-spacer\" data-id=\"9295878\" data-element_type=\"widget\" data-e-type=\"widget\" data-widget_type=\"spacer.default\">\n\t\t\t\t<div class=\"elementor-widget-container\">\n\t\t\t\t\t\t\t<div class=\"elementor-spacer\">\n\t\t\t<div class=\"elementor-spacer-inner\"><\/div>\n\t\t<\/div>\n\t\t\t\t\t\t<\/div>\n\t\t\t\t<\/div>\n\t\t\t\t\t<\/div>\n\t\t\t\t<\/div>\n\t\t\t\t<div class=\"elementor-section elementor-top-section elementor-element elementor-element-4e1855c elementor-section-height-min-height elementor-section-boxed elementor-section-height-default elementor-section-items-middle wpr-multicolor-no\" data-id=\"4e1855c\" data-element_type=\"section\" data-e-type=\"section\" id=\"home\">\n\t\t\t\t\t\t\t<div class=\"elementor-background-overlay\"><\/div>\n\t\t\t\t\t\t\t<div class=\"elementor-container elementor-column-gap-narrow\">\n\t\t\t\t\t<div class=\"elementor-column elementor-col-50 elementor-top-column elementor-element elementor-element-03e093e\" data-id=\"03e093e\" data-element_type=\"column\" data-e-type=\"column\">\n\t\t\t<div class=\"elementor-widget-wrap elementor-element-populated\">\n\t\t\t\t\t\t<div class=\"elementor-element elementor-element-0b4a92d elementor-widget elementor-widget-text-editor\" data-id=\"0b4a92d\" data-element_type=\"widget\" data-e-type=\"widget\" data-widget_type=\"text-editor.default\">\n\t\t\t\t<div class=\"elementor-widget-container\">\n\t\t\t\t\t\t\t\t\t<h2>Innovaci\u00f3n y Eficiencia<br \/><strong>en Comercio Internacional<\/strong><\/h2>\t\t\t\t\t\t\t\t<\/div>\n\t\t\t\t<\/div>\n\t\t\t\t<div class=\"elementor-element elementor-element-df08ded elementor-widget__width-inherit elementor-widget elementor-widget-text-editor\" data-id=\"df08ded\" data-element_type=\"widget\" data-e-type=\"widget\" data-widget_type=\"text-editor.default\">\n\t\t\t\t<div class=\"elementor-widget-container\">\n\t\t\t\t\t\t\t\t\t<p>Nuestro compromiso con la excelencia y la innovaci\u00f3n es el motor que impulsa todas nuestras acciones<\/p>\t\t\t\t\t\t\t\t<\/div>\n\t\t\t\t<\/div>\n\t\t\t\t<div class=\"elementor-element elementor-element-845a05e elementor-widget elementor-widget-button\" data-id=\"845a05e\" data-element_type=\"widget\" data-e-type=\"widget\" data-widget_type=\"button.default\">\n\t\t\t\t<div class=\"elementor-widget-container\">\n\t\t\t\t\t\t\t\t\t<div class=\"elementor-button-wrapper\">\n\t\t\t\t\t<a class=\"elementor-button elementor-button-link elementor-size-sm\" href=\"#about\">\n\t\t\t\t\t\t<span class=\"elementor-button-content-wrapper\">\n\t\t\t\t\t\t\t\t\t<span class=\"elementor-button-text\">explorar<\/span>\n\t\t\t\t\t<\/span>\n\t\t\t\t\t<\/a>\n\t\t\t\t<\/div>\n\t\t\t\t\t\t\t\t<\/div>\n\t\t\t\t<\/div>\n\t\t\t\t\t<\/div>\n\t\t<\/div>\n\t\t\t\t<div class=\"elementor-column elementor-col-50 elementor-top-column elementor-element elementor-element-666753a\" data-id=\"666753a\" data-element_type=\"column\" data-e-type=\"column\">\n\t\t\t<div class=\"elementor-widget-wrap elementor-element-populated\">\n\t\t\t\t\t\t<div class=\"elementor-element elementor-element-4f4db83 elementor-widget elementor-widget-Animatedimage\" data-id=\"4f4db83\" data-element_type=\"widget\" data-e-type=\"widget\" data-widget_type=\"Animatedimage.default\">\n\t\t\t\t<div class=\"elementor-widget-container\">\n\t\t\t\t\t\r\n\t\t\r\n\t\t\t<div class=\"elementor-image\">\r\r\n\t\t\r\n\t\t\t\r\n\r\r\n\t\t\t\r\n\t\t\t\t<div class=\"banner-img\">\r\r\n\t\t\t\t\t\r\r\n\r\r\n\t\t\t\r\n\t\t\t\t<img decoding=\"async\" src=\"https:\/\/www.senaparaguay.com\/wp-content\/uploads\/elementor\/thumbs\/grafico-qvxno3pqqa07zlnjlsthjianentn7ejvonreh70l28.jpg\" title=\"grafico\" alt=\"grafico\" loading=\"lazy\" \/>\r\n                \r\n\t\t\t\r\n\r\r\n\t\t\t\r\n\t\t\t\t<\/div>\r\r\n\t\t\t\t\r\n\r\r\n\r\r\n\t\t\t\r\n\t\t\t\r\n\t\t\r\n\t\t\t<\/div>\r\r\n\t\t\r\n\t\t\t\t\t\t<\/div>\n\t\t\t\t<\/div>\n\t\t\t\t\t<\/div>\n\t\t<\/div>\n\t\t\t\t\t<\/div>\n\t\t<\/div>\n\t\t\t\t<section class=\"elementor-section elementor-top-section elementor-element elementor-element-9e9b248 elementor-section-height-min-height elementor-reverse-mobile elementor-reverse-tablet elementor-section-boxed elementor-section-height-default elementor-section-items-middle wpr-multicolor-no wpr-particle-no\" data-id=\"9e9b248\" data-element_type=\"section\" data-e-type=\"section\" id=\"about\" data-settings=\"{&quot;background_background&quot;:&quot;classic&quot;}\">\n\t\t\t\t\t\t<div class=\"elementor-container elementor-column-gap-default\">\n\t\t\t\t\t<div class=\"elementor-column elementor-col-50 elementor-top-column elementor-element elementor-element-7ee35e7 elementor-invisible\" data-id=\"7ee35e7\" data-element_type=\"column\" data-e-type=\"column\" data-settings=\"{&quot;animation&quot;:&quot;fadeInLeft&quot;}\">\n\t\t\t<div class=\"elementor-widget-wrap elementor-element-populated\">\n\t\t\t\t\t\t<div class=\"elementor-element elementor-element-254d53d elementor-widget elementor-widget-image\" data-id=\"254d53d\" data-element_type=\"widget\" data-e-type=\"widget\" data-widget_type=\"image.default\">\n\t\t\t\t<div class=\"elementor-widget-container\">\n\t\t\t\t\t\t\t\t\t\t\t\t\t\t\t<img fetchpriority=\"high\" decoding=\"async\" width=\"2560\" height=\"1781\" src=\"https:\/\/www.senaparaguay.com\/wp-content\/uploads\/2024\/10\/grafico-representativo-comercio-exterior-88563-scaled.jpg\" class=\"attachment-full size-full wp-image-3819\" alt=\"\" srcset=\"https:\/\/www.senaparaguay.com\/wp-content\/uploads\/2024\/10\/grafico-representativo-comercio-exterior-88563-scaled.jpg 2560w, https:\/\/www.senaparaguay.com\/wp-content\/uploads\/2024\/10\/grafico-representativo-comercio-exterior-88563-300x209.jpg 300w, https:\/\/www.senaparaguay.com\/wp-content\/uploads\/2024\/10\/grafico-representativo-comercio-exterior-88563-1024x712.jpg 1024w, https:\/\/www.senaparaguay.com\/wp-content\/uploads\/2024\/10\/grafico-representativo-comercio-exterior-88563-768x534.jpg 768w, https:\/\/www.senaparaguay.com\/wp-content\/uploads\/2024\/10\/grafico-representativo-comercio-exterior-88563-1536x1069.jpg 1536w, https:\/\/www.senaparaguay.com\/wp-content\/uploads\/2024\/10\/grafico-representativo-comercio-exterior-88563-2048x1425.jpg 2048w\" sizes=\"(max-width: 2560px) 100vw, 2560px\" \/>\t\t\t\t\t\t\t\t\t\t\t\t\t\t\t<\/div>\n\t\t\t\t<\/div>\n\t\t\t\t\t<\/div>\n\t\t<\/div>\n\t\t\t\t<div class=\"elementor-column elementor-col-50 elementor-top-column elementor-element elementor-element-32c9089 elementor-invisible\" data-id=\"32c9089\" data-element_type=\"column\" data-e-type=\"column\" data-settings=\"{&quot;animation&quot;:&quot;fadeInRight&quot;}\">\n\t\t\t<div class=\"elementor-widget-wrap elementor-element-populated\">\n\t\t\t\t\t\t<div class=\"elementor-element elementor-element-e573dae elementor-widget elementor-widget-heading\" data-id=\"e573dae\" data-element_type=\"widget\" data-e-type=\"widget\" data-widget_type=\"heading.default\">\n\t\t\t\t<div class=\"elementor-widget-container\">\n\t\t\t\t\t<h2 class=\"elementor-heading-title elementor-size-default\">Quienes Somos<\/h2>\t\t\t\t<\/div>\n\t\t\t\t<\/div>\n\t\t\t\t<div class=\"elementor-element elementor-element-39eb7ef elementor-widget elementor-widget-text-editor\" data-id=\"39eb7ef\" data-element_type=\"widget\" data-e-type=\"widget\" data-widget_type=\"text-editor.default\">\n\t\t\t\t<div class=\"elementor-widget-container\">\n\t\t\t\t\t\t\t\t\t<p>Somos una empresa din\u00e1mica que se especializa en ofrecer soluciones creativas y transformadoras para clientes y proveedores, adapt\u00e1ndonos a una econom\u00eda global que evoluciona r\u00e1pidamente. Cada d\u00eda nos enfrentamos a nuevos desaf\u00edos que impactan la log\u00edstica y la cadena de suministro internacional, ajust\u00e1ndonos a los cambios constantes en las tendencias comerciales y las necesidades del mercado.<\/p>\t\t\t\t\t\t\t\t<\/div>\n\t\t\t\t<\/div>\n\t\t\t\t<div class=\"elementor-element elementor-element-598bd67 elementor-icon-list--layout-traditional elementor-list-item-link-full_width elementor-widget elementor-widget-icon-list\" data-id=\"598bd67\" data-element_type=\"widget\" data-e-type=\"widget\" data-widget_type=\"icon-list.default\">\n\t\t\t\t<div class=\"elementor-widget-container\">\n\t\t\t\t\t\t\t<ul class=\"elementor-icon-list-items\">\n\t\t\t\t\t\t\t<li class=\"elementor-icon-list-item\">\n\t\t\t\t\t\t\t\t\t\t\t<span class=\"elementor-icon-list-icon\">\n\t\t\t\t\t\t\t<svg xmlns=\"http:\/\/www.w3.org\/2000\/svg\" xmlns:xlink=\"http:\/\/www.w3.org\/1999\/xlink\" id=\"Layer_1\" x=\"0px\" y=\"0px\" viewBox=\"0 0 39 39\" style=\"enable-background:new 0 0 39 39;\" xml:space=\"preserve\"><image style=\"overflow:visible;\" width=\"39\" height=\"39\" xlink:href=\"data:image\/png;base64,iVBORw0KGgoAAAANSUhEUgAAACcAAAAnCAYAAACMo1E1AAAACXBIWXMAAAsSAAALEgHS3X78AAAAGXRFWHRTb2Z0d2FyZQBBZG9iZSBJbWFnZVJlYWR5ccllPAAAAwhJREFUeNrUmL9rU1EUx++7SUN1KEhAHHSzoGbpkko6tEigYgdX\/wWrQwtdVBx0cRBS7ZI6u5SuIikUgtQhhWbpUlSCUzu4qXGwpE3iOS\/nhtf3zn0\/79N44HAf6bv3fvo99917zrVEDFu4tnkBmjL4HHgBfBJ8grxN3gI\/AN8Br9c+3\/sedR4rItQ8NIv4CJ6L0LUDvgVeBchto3AAVYJmDbwoklsTfAkgdxPBAdQ4NBXwB8K8VcFXAPI4MhyAXYHmHfiUSM\/2we8C4GFoOAC7Dg2ujcu6Ufv9vuj2TuznXr9Lv\/WEZUn7WVoZu83IMfjNN0BH4PMA+CkQjhRr6MAUFAIhTOC6AVgEDYBEwBm3ghazxnZ1oTztdkJD6SCzmZxfiEvONShdL1Q4MFSrc\/rbViwOmAo59sdxcDzGpmh+r3K0XTQ4sJPucWwonYpjmXFdmGfUNuNUbo170zSYUhHH1djrM2Glnb\/IrTHTYE5AHJ+xaeIZKrfIhVNtEWnZ4ONi15\/NY9Eh\/s19VuJ\/pfaxNA23GOYLRkkvScoucn9btQD1kKcsKe05Y0m2DLddvZEXrzYWArcYxuYk5WOp2GQhLx6vzorVp4043QuSEkWP1CbAHlVmxbOHH8Th1x+BoeWGkJS9GlcsLJiPTbBwYdfb8\/WyyF88nxhMM58N1+aOlzD2fuOLePn29hAwrmKa+dpZgosV2ubHI7tFwDcvmuL+k2LSUHrgWu7cDVObbsjQKsAkYCoxdVkrS+XbrUQVCwAqSIN2IKmu9BwpYdedifQJ52NsBwnqdJY5Olg6qY0bzsPkdchTl1SJ1\/6Fej6q1ZBLzb7u7Zi+ehrVhjzONH2PSzgHOX8vFdVy2XPcn\/ZAtZvuNH2Je3OQ60vjYDiuxpY91RcVFVUuvCYBA4qbqvMOxT3jCtWPHkAMQZKPRC1+HEcDtk\/z\/4cV\/8jflYzSLZN2AVGHEveRGLyfK+nAot5sYiU+bQAK99PlxDebDCRW4njLeUeMyp0wA+l3m\/4L\/KcwcJv+R4ABACjFhcI\/zodBAAAAAElFTkSuQmCC\"><\/image><\/svg>\t\t\t\t\t\t<\/span>\n\t\t\t\t\t\t\t\t\t\t<span class=\"elementor-icon-list-text\">Adaptabilidad<\/span>\n\t\t\t\t\t\t\t\t\t<\/li>\n\t\t\t\t\t\t\t\t<li class=\"elementor-icon-list-item\">\n\t\t\t\t\t\t\t\t\t\t\t<span class=\"elementor-icon-list-icon\">\n\t\t\t\t\t\t\t<svg xmlns=\"http:\/\/www.w3.org\/2000\/svg\" xmlns:xlink=\"http:\/\/www.w3.org\/1999\/xlink\" id=\"Layer_1\" x=\"0px\" y=\"0px\" viewBox=\"0 0 39 39\" style=\"enable-background:new 0 0 39 39;\" xml:space=\"preserve\"><image style=\"overflow:visible;\" width=\"39\" height=\"39\" xlink:href=\"data:image\/png;base64,iVBORw0KGgoAAAANSUhEUgAAACcAAAAnCAYAAACMo1E1AAAACXBIWXMAAAsSAAALEgHS3X78AAAAGXRFWHRTb2Z0d2FyZQBBZG9iZSBJbWFnZVJlYWR5ccllPAAAAwhJREFUeNrUmL9rU1EUx++7SUN1KEhAHHSzoGbpkko6tEigYgdX\/wWrQwtdVBx0cRBS7ZI6u5SuIikUgtQhhWbpUlSCUzu4qXGwpE3iOS\/nhtf3zn0\/79N44HAf6bv3fvo99917zrVEDFu4tnkBmjL4HHgBfBJ8grxN3gI\/AN8Br9c+3\/sedR4rItQ8NIv4CJ6L0LUDvgVeBchto3AAVYJmDbwoklsTfAkgdxPBAdQ4NBXwB8K8VcFXAPI4MhyAXYHmHfiUSM\/2we8C4GFoOAC7Dg2ujcu6Ufv9vuj2TuznXr9Lv\/WEZUn7WVoZu83IMfjNN0BH4PMA+CkQjhRr6MAUFAIhTOC6AVgEDYBEwBm3ghazxnZ1oTztdkJD6SCzmZxfiEvONShdL1Q4MFSrc\/rbViwOmAo59sdxcDzGpmh+r3K0XTQ4sJPucWwonYpjmXFdmGfUNuNUbo170zSYUhHH1djrM2Glnb\/IrTHTYE5AHJ+xaeIZKrfIhVNtEWnZ4ONi15\/NY9Eh\/s19VuJ\/pfaxNA23GOYLRkkvScoucn9btQD1kKcsKe05Y0m2DLddvZEXrzYWArcYxuYk5WOp2GQhLx6vzorVp4043QuSEkWP1CbAHlVmxbOHH8Th1x+BoeWGkJS9GlcsLJiPTbBwYdfb8\/WyyF88nxhMM58N1+aOlzD2fuOLePn29hAwrmKa+dpZgosV2ubHI7tFwDcvmuL+k2LSUHrgWu7cDVObbsjQKsAkYCoxdVkrS+XbrUQVCwAqSIN2IKmu9BwpYdedifQJ52NsBwnqdJY5Olg6qY0bzsPkdchTl1SJ1\/6Fej6q1ZBLzb7u7Zi+ehrVhjzONH2PSzgHOX8vFdVy2XPcn\/ZAtZvuNH2Je3OQ60vjYDiuxpY91RcVFVUuvCYBA4qbqvMOxT3jCtWPHkAMQZKPRC1+HEcDtk\/z\/4cV\/8jflYzSLZN2AVGHEveRGLyfK+nAot5sYiU+bQAK99PlxDebDCRW4njLeUeMyp0wA+l3m\/4L\/KcwcJv+R4ABACjFhcI\/zodBAAAAAElFTkSuQmCC\"><\/image><\/svg>\t\t\t\t\t\t<\/span>\n\t\t\t\t\t\t\t\t\t\t<span class=\"elementor-icon-list-text\">Eficiencia<\/span>\n\t\t\t\t\t\t\t\t\t<\/li>\n\t\t\t\t\t\t\t\t<li class=\"elementor-icon-list-item\">\n\t\t\t\t\t\t\t\t\t\t\t<span class=\"elementor-icon-list-icon\">\n\t\t\t\t\t\t\t<svg xmlns=\"http:\/\/www.w3.org\/2000\/svg\" xmlns:xlink=\"http:\/\/www.w3.org\/1999\/xlink\" id=\"Layer_1\" x=\"0px\" y=\"0px\" viewBox=\"0 0 39 39\" style=\"enable-background:new 0 0 39 39;\" xml:space=\"preserve\"><image style=\"overflow:visible;\" width=\"39\" height=\"39\" xlink:href=\"data:image\/png;base64,iVBORw0KGgoAAAANSUhEUgAAACcAAAAnCAYAAACMo1E1AAAACXBIWXMAAAsSAAALEgHS3X78AAAAGXRFWHRTb2Z0d2FyZQBBZG9iZSBJbWFnZVJlYWR5ccllPAAAAwhJREFUeNrUmL9rU1EUx++7SUN1KEhAHHSzoGbpkko6tEigYgdX\/wWrQwtdVBx0cRBS7ZI6u5SuIikUgtQhhWbpUlSCUzu4qXGwpE3iOS\/nhtf3zn0\/79N44HAf6bv3fvo99917zrVEDFu4tnkBmjL4HHgBfBJ8grxN3gI\/AN8Br9c+3\/sedR4rItQ8NIv4CJ6L0LUDvgVeBchto3AAVYJmDbwoklsTfAkgdxPBAdQ4NBXwB8K8VcFXAPI4MhyAXYHmHfiUSM\/2we8C4GFoOAC7Dg2ujcu6Ufv9vuj2TuznXr9Lv\/WEZUn7WVoZu83IMfjNN0BH4PMA+CkQjhRr6MAUFAIhTOC6AVgEDYBEwBm3ghazxnZ1oTztdkJD6SCzmZxfiEvONShdL1Q4MFSrc\/rbViwOmAo59sdxcDzGpmh+r3K0XTQ4sJPucWwonYpjmXFdmGfUNuNUbo170zSYUhHH1djrM2Glnb\/IrTHTYE5AHJ+xaeIZKrfIhVNtEWnZ4ONi15\/NY9Eh\/s19VuJ\/pfaxNA23GOYLRkkvScoucn9btQD1kKcsKe05Y0m2DLddvZEXrzYWArcYxuYk5WOp2GQhLx6vzorVp4043QuSEkWP1CbAHlVmxbOHH8Th1x+BoeWGkJS9GlcsLJiPTbBwYdfb8\/WyyF88nxhMM58N1+aOlzD2fuOLePn29hAwrmKa+dpZgosV2ubHI7tFwDcvmuL+k2LSUHrgWu7cDVObbsjQKsAkYCoxdVkrS+XbrUQVCwAqSIN2IKmu9BwpYdedifQJ52NsBwnqdJY5Olg6qY0bzsPkdchTl1SJ1\/6Fej6q1ZBLzb7u7Zi+ehrVhjzONH2PSzgHOX8vFdVy2XPcn\/ZAtZvuNH2Je3OQ60vjYDiuxpY91RcVFVUuvCYBA4qbqvMOxT3jCtWPHkAMQZKPRC1+HEcDtk\/z\/4cV\/8jflYzSLZN2AVGHEveRGLyfK+nAot5sYiU+bQAK99PlxDebDCRW4njLeUeMyp0wA+l3m\/4L\/KcwcJv+R4ABACjFhcI\/zodBAAAAAElFTkSuQmCC\"><\/image><\/svg>\t\t\t\t\t\t<\/span>\n\t\t\t\t\t\t\t\t\t\t<span class=\"elementor-icon-list-text\">Evoluci\u00f3n<\/span>\n\t\t\t\t\t\t\t\t\t<\/li>\n\t\t\t\t\t\t<\/ul>\n\t\t\t\t\t\t<\/div>\n\t\t\t\t<\/div>\n\t\t\t\t\t<\/div>\n\t\t<\/div>\n\t\t\t\t\t<\/div>\n\t\t<\/section>\n\t\t\t\t<section class=\"elementor-section elementor-top-section elementor-element elementor-element-ad7f98a menu-section elementor-section-boxed elementor-section-height-default elementor-section-height-default wpr-multicolor-no wpr-particle-no\" data-id=\"ad7f98a\" data-element_type=\"section\" data-e-type=\"section\" id=\"services\" data-settings=\"{&quot;background_background&quot;:&quot;classic&quot;}\">\n\t\t\t\t\t\t<div class=\"elementor-container elementor-column-gap-default\">\n\t\t\t\t\t<div class=\"elementor-column elementor-col-100 elementor-top-column elementor-element elementor-element-68a28aa\" data-id=\"68a28aa\" data-element_type=\"column\" data-e-type=\"column\">\n\t\t\t<div class=\"elementor-widget-wrap elementor-element-populated\">\n\t\t\t\t\t\t<section class=\"elementor-section elementor-inner-section elementor-element elementor-element-26e03a6 elementor-section-boxed elementor-section-height-default elementor-section-height-default wpr-multicolor-no wpr-particle-no\" data-id=\"26e03a6\" data-element_type=\"section\" data-e-type=\"section\">\n\t\t\t\t\t\t<div class=\"elementor-container elementor-column-gap-no\">\n\t\t\t\t\t<div class=\"elementor-column elementor-col-100 elementor-inner-column elementor-element elementor-element-a805774\" data-id=\"a805774\" data-element_type=\"column\" data-e-type=\"column\">\n\t\t\t<div class=\"elementor-widget-wrap elementor-element-populated\">\n\t\t\t\t\t\t<div class=\"elementor-element elementor-element-70c251c elementor-widget elementor-widget-heading\" data-id=\"70c251c\" data-element_type=\"widget\" data-e-type=\"widget\" data-widget_type=\"heading.default\">\n\t\t\t\t<div class=\"elementor-widget-container\">\n\t\t\t\t\t<h2 class=\"elementor-heading-title elementor-size-default\">\"IMPORTA TU MERCANC\u00cdA DE FORMA SENCILLA Y SEGURA, CON NUESTRO ACOMPA\u00d1AMIENTO EXPERTO EN TODO EL PROCESO\"<\/h2>\t\t\t\t<\/div>\n\t\t\t\t<\/div>\n\t\t\t\t<div class=\"elementor-element elementor-element-e43553c elementor-widget elementor-widget-heading\" data-id=\"e43553c\" data-element_type=\"widget\" data-e-type=\"widget\" data-widget_type=\"heading.default\">\n\t\t\t\t<div class=\"elementor-widget-container\">\n\t\t\t\t\t<span class=\"elementor-heading-title elementor-size-default\">TRANSFORMAMOS TUS SUE\u00d1OS EN NEGOCIOS SIN FRONTERAS<\/span>\t\t\t\t<\/div>\n\t\t\t\t<\/div>\n\t\t\t\t\t<\/div>\n\t\t<\/div>\n\t\t\t\t\t<\/div>\n\t\t<\/section>\n\t\t\t\t\t<\/div>\n\t\t<\/div>\n\t\t\t\t\t<\/div>\n\t\t<\/section>\n\t\t\t\t<section class=\"elementor-section elementor-top-section elementor-element elementor-element-aa2c820 elementor-section-height-min-height elementor-reverse-mobile elementor-reverse-tablet elementor-section-boxed elementor-section-height-default elementor-section-items-middle wpr-multicolor-no wpr-particle-no\" data-id=\"aa2c820\" data-element_type=\"section\" data-e-type=\"section\" data-settings=\"{&quot;background_background&quot;:&quot;classic&quot;}\">\n\t\t\t\t\t\t<div class=\"elementor-container elementor-column-gap-default\">\n\t\t\t\t\t<div class=\"elementor-column elementor-col-50 elementor-top-column elementor-element elementor-element-1f0be2e elementor-invisible\" data-id=\"1f0be2e\" data-element_type=\"column\" data-e-type=\"column\" data-settings=\"{&quot;animation&quot;:&quot;fadeInLeft&quot;}\">\n\t\t\t<div class=\"elementor-widget-wrap elementor-element-populated\">\n\t\t\t\t\t\t<div class=\"elementor-element elementor-element-d1b430c elementor-widget elementor-widget-image\" data-id=\"d1b430c\" data-element_type=\"widget\" data-e-type=\"widget\" data-widget_type=\"image.default\">\n\t\t\t\t<div class=\"elementor-widget-container\">\n\t\t\t\t\t\t\t\t\t\t\t\t\t\t\t<img decoding=\"async\" width=\"1412\" height=\"806\" src=\"https:\/\/www.senaparaguay.com\/wp-content\/uploads\/2024\/10\/ciudad.jpg\" class=\"attachment-full size-full wp-image-3878\" alt=\"\" srcset=\"https:\/\/www.senaparaguay.com\/wp-content\/uploads\/2024\/10\/ciudad.jpg 1412w, https:\/\/www.senaparaguay.com\/wp-content\/uploads\/2024\/10\/ciudad-300x171.jpg 300w, https:\/\/www.senaparaguay.com\/wp-content\/uploads\/2024\/10\/ciudad-1024x585.jpg 1024w, https:\/\/www.senaparaguay.com\/wp-content\/uploads\/2024\/10\/ciudad-768x438.jpg 768w\" sizes=\"(max-width: 1412px) 100vw, 1412px\" \/>\t\t\t\t\t\t\t\t\t\t\t\t\t\t\t<\/div>\n\t\t\t\t<\/div>\n\t\t\t\t\t<\/div>\n\t\t<\/div>\n\t\t\t\t<div class=\"elementor-column elementor-col-50 elementor-top-column elementor-element elementor-element-9bf31ea elementor-invisible\" data-id=\"9bf31ea\" data-element_type=\"column\" data-e-type=\"column\" data-settings=\"{&quot;animation&quot;:&quot;fadeInRight&quot;}\">\n\t\t\t<div class=\"elementor-widget-wrap elementor-element-populated\">\n\t\t\t\t\t\t<div class=\"elementor-element elementor-element-6143505 elementor-widget elementor-widget-heading\" data-id=\"6143505\" data-element_type=\"widget\" data-e-type=\"widget\" data-widget_type=\"heading.default\">\n\t\t\t\t<div class=\"elementor-widget-container\">\n\t\t\t\t\t<h2 class=\"elementor-heading-title elementor-size-default\">Servicios<\/h2>\t\t\t\t<\/div>\n\t\t\t\t<\/div>\n\t\t\t\t<div class=\"elementor-element elementor-element-0f957f7 elementor-widget elementor-widget-text-editor\" data-id=\"0f957f7\" data-element_type=\"widget\" data-e-type=\"widget\" data-widget_type=\"text-editor.default\">\n\t\t\t\t<div class=\"elementor-widget-container\">\n\t\t\t\t\t\t\t\t\t<p style=\"color: #130606; font-family: Roboto, sans-serif; background-color: #fcfcfc;\">En\u00a0<span style=\"font-weight: bold;\">SENA\u00a0<\/span>nos especializamos en ofrecer soluciones de consultor\u00eda para facilitar el cambio empresarial, ayudando a las empresas a adaptarse a la coyuntura econ\u00f3mica, los avances tecnol\u00f3gicos y nuevos procesos de negocio. Nuestro enfoque est\u00e1 en la racionalizaci\u00f3n de recursos, generaci\u00f3n de valor y optimizaci\u00f3n de la eficiencia, permitiendo que las unidades de negocio se transformen para competir en un mercado global.<\/p><p style=\"color: #130606; font-family: Roboto, sans-serif; background-color: #fcfcfc;\">Con operaciones en\u00a0<span style=\"font-weight: bolder;\">Estados Unidos, Latinoam\u00e9rica y Europa<\/span>, comprendemos que cada regi\u00f3n tiene su propia din\u00e1mica econ\u00f3mica y financiera. Por eso, ofrecemos soluciones adaptadas a las necesidades espec\u00edficas de nuestros clientes en estos mercados, con un conocimiento profundo de los nuevos instrumentos financieros como\u00a0<span style=\"font-weight: bolder;\">blockchain<\/span>,\u00a0<span style=\"font-weight: bolder;\">smart contracts<\/span>,\u00a0<span style=\"font-weight: bolder;\">seguros<\/span>\u00a0y\u00a0<span style=\"font-weight: bolder;\">financiaci\u00f3n de cuentas por cobrar<\/span>. Nuestro objetivo es impulsar la disrupci\u00f3n e innovaci\u00f3n financiera para fortalecer la competitividad internacional.<\/p><p style=\"color: #130606; font-family: Roboto, sans-serif; background-color: #fcfcfc;\">Adem\u00e1s, brindamos servicios especializados para exportadores de bienes y servicios basados en el conocimiento, como tecnolog\u00edas de la informaci\u00f3n y desarrollo de contenidos, asegurando soluciones eficientes y personalizadas.<\/p><p style=\"color: #130606; font-family: Roboto, sans-serif; background-color: #fcfcfc;\">En\u00a0<span style=\"font-weight: bold;\">SENA\u00a0<\/span>tambi\u00e9n trabajamos con\u00a0<span style=\"font-weight: bolder;\">empresas de transporte a\u00e9reo<\/span>\u00a0l\u00edderes a nivel mundial, ofreciendo disponibilidad en las principales rutas para garantizar que la carga llegue a destino cumpliendo con los tiempos de entrega programados, manteniendo la calidad y seguridad que nuestros clientes necesitan.<\/p>\t\t\t\t\t\t\t\t<\/div>\n\t\t\t\t<\/div>\n\t\t\t\t\t<\/div>\n\t\t<\/div>\n\t\t\t\t\t<\/div>\n\t\t<\/section>\n\t\t<div class=\"elementor-element elementor-element-f81618d e-flex e-con-boxed e-con e-parent\" data-id=\"f81618d\" data-element_type=\"container\" data-e-type=\"container\">\n\t\t\t\t\t<div class=\"e-con-inner\">\n\t\t\t\t<div class=\"elementor-element elementor-element-2c662ee elementor-widget elementor-widget-progressBar\" data-id=\"2c662ee\" data-element_type=\"widget\" data-e-type=\"widget\" data-widget_type=\"progressBar.default\">\n\t\t\t\t<div class=\"elementor-widget-container\">\n\t\t\t\t\t\t\t<div class=\"token-sale-counter\">\r\n\t\t\t<div class=\"row\">\r\n\t\t\t\t\t\t\t\t\t<div class=\"progress-item text-center\">\r\n\t\t\t\t\t\t<span class=\"token-slide-info elementor-repeater-item-ca1ec03\" >Adaptabilidad<\/span>\r\n\t\t\t\t\t<\/div>\r\n\t\t\t\t\t\t\t\t\t<div class=\"progress-item text-center\">\r\n\t\t\t\t\t\t<span class=\"token-slide-info elementor-repeater-item-78e0453\" >Eficiencia<\/span>\r\n\t\t\t\t\t<\/div>\r\n\t\t\t\t\t\t\t\t\t<div class=\"progress-item text-center\">\r\n\t\t\t\t\t\t<span class=\"token-slide-info elementor-repeater-item-ac56c83\" >Evoluci\u00f3n<\/span>\r\n\t\t\t\t\t<\/div>\r\n\t\t\t\t\t\t\t<\/div>\r\n\t\t\t<div class=\"coins-progress\">\r\n\t\t        <span data-progress=\"100\"><\/span>\r\n\t\t    <\/div>\r\n\t\t    <div class=\"row\">\r\n\t\t\t\t\t\t\t<\/div>\r\n\t\t<\/div>    \r\n\t\t\t\t\t\t<\/div>\n\t\t\t\t<\/div>\n\t\t\t\t\t<\/div>\n\t\t\t\t<\/div>\n\t\t\t\t<\/div>\n\t\t","protected":false},"excerpt":{"rendered":"<p>Innovaci\u00f3n y Eficienciaen Comercio Internacional Nuestro compromiso con la excelencia y la innovaci\u00f3n es el motor que impulsa todas nuestras acciones explorar Quienes Somos Somos una empresa din\u00e1mica que se especializa en ofrecer soluciones creativas y transformadoras para clientes y proveedores, adapt\u00e1ndonos a una econom\u00eda global que evoluciona r\u00e1pidamente. Cada d\u00eda nos enfrentamos a nuevos [&hellip;]<\/p>\n","protected":false},"author":1,"featured_media":0,"parent":0,"menu_order":0,"comment_status":"closed","ping_status":"closed","template":"elementor_header_footer","meta":{"footnotes":""},"class_list":["post-3086","page","type-page","status-publish","hentry"],"_links":{"self":[{"href":"https:\/\/www.senaparaguay.com\/index.php\/wp-json\/wp\/v2\/pages\/3086","targetHints":{"allow":["GET"]}}],"collection":[{"href":"https:\/\/www.senaparaguay.com\/index.php\/wp-json\/wp\/v2\/pages"}],"about":[{"href":"https:\/\/www.senaparaguay.com\/index.php\/wp-json\/wp\/v2\/types\/page"}],"author":[{"embeddable":true,"href":"https:\/\/www.senaparaguay.com\/index.php\/wp-json\/wp\/v2\/users\/1"}],"replies":[{"embeddable":true,"href":"https:\/\/www.senaparaguay.com\/index.php\/wp-json\/wp\/v2\/comments?post=3086"}],"version-history":[{"count":79,"href":"https:\/\/www.senaparaguay.com\/index.php\/wp-json\/wp\/v2\/pages\/3086\/revisions"}],"predecessor-version":[{"id":3968,"href":"https:\/\/www.senaparaguay.com\/index.php\/wp-json\/wp\/v2\/pages\/3086\/revisions\/3968"}],"wp:attachment":[{"href":"https:\/\/www.senaparaguay.com\/index.php\/wp-json\/wp\/v2\/media?parent=3086"}],"curies":[{"name":"wp","href":"https:\/\/api.w.org\/{rel}","templated":true}]}}